{"id":4772,"date":"2025-10-19T21:11:49","date_gmt":"2025-10-19T19:11:49","guid":{"rendered":"http:\/\/inzynieria-motocyklowa.pl\/?post_type=product&#038;p=4772"},"modified":"2025-10-19T21:34:02","modified_gmt":"2025-10-19T19:34:02","slug":"podnosnik-motocyklowy-hydrauliczny-romet-450-kg","status":"publish","type":"product","link":"http:\/\/inzynieria-motocyklowa.pl\/?product=podnosnik-motocyklowy-hydrauliczny-romet-450-kg","title":{"rendered":"Podno\u015bnik motocyklowy hydrauliczny ROMET 450 kg"},"content":{"rendered":"<p><strong>Podno\u015bnik motocyklowy hydrauliczny ROMET<\/strong><\/p>\n<p>Bardzo solidna konstrukcja i dobrze dopasowany wymiar platformy do du\u017cych motocykli<\/p>\n<p><strong>Dane techniczne:<\/strong><\/p>\n<p>\u0141adowno\u015b\u0107: 450 kg<br \/>\nMinimalna wysoko\u015b\u0107: 175 mm<br \/>\nMaksymalna wysoko\u015b\u0107: 750 mm<br \/>\nMasa w\u0142asna: 127 kg<br \/>\nWymiary platformy: 2200 x 680 mm<br \/>\nWymiary najazdu: 650 x 680 mm<\/p>\n<p><strong>Wymiary opakowania:<\/strong><br \/>\nD\u0142ugo\u015b\u0107: 228 cm<br \/>\nSzeroko\u015b\u0107: 76 cm<br \/>\nWysoko\u015b\u0107: 20 cm<br \/>\nWaga z opakowaniem: 158 kg<br \/>\nKluczowe cechy:<\/p>\n<p><strong>\u0141adowno\u015b\u0107 450 kg<\/strong> \u2013 jest to wystarczaj\u0105ca no\u015bno\u015b\u0107 dla wi\u0119kszo\u015bci motocykli, skuter\u00f3w, a tak\u017ce niekt\u00f3rych quad\u00f3w.<br \/>\n<strong>Wysoko\u015b\u0107 robocza<\/strong> \u2013 mo\u017cliwo\u015b\u0107 podnoszenia do maksymalnej wysoko\u015bci 750 mm zapewnia wygodny dost\u0119p do dolnych cz\u0119\u015bci motocykla. Minimalna wysoko\u015b\u0107 175 mm umo\u017cliwia podnoszenie nawet pojazd\u00f3w o niskim zawieszeniu.<br \/>\n<strong>Wymiary platformy i najazdu<\/strong> \u2013 szeroko\u015b\u0107 platformy 680 mm zapewnia stabilno\u015b\u0107 pojazdu podczas pracy, a d\u0142ugo\u015b\u0107 platformy 2200 mm pozwala na podnoszenie motocykli o r\u00f3\u017cnej d\u0142ugo\u015bci.<br \/>\n<strong>Waga i wymiary<\/strong> \u2013 waga podno\u015bnika w skrzyni 127 kg i jego kompaktowe wymiary (wymiary opakowania 228 x 76 x 20 cm) sugeruj\u0105, \u017ce jest to sprz\u0119t stosunkowo \u0142atwy do przechowywania, mimo \u017ce mo\u017ce wymaga\u0107 przestrzeni w warsztacie lub gara\u017cu.<br \/>\n<strong>Mocowanie pojazdu<\/strong> -Platforma jest wyposa\u017cona w uchwyt ko\u0142a przedniego, kt\u00f3rym bezpiecznie umocujesz przednie ko\u0142o.<\/p>\n","protected":false},"excerpt":{"rendered":"<p>Darmow\u0105 dostawa na terenie Polski<\/p>\n","protected":false},"featured_media":4774,"comment_status":"open","ping_status":"closed","template":"","meta":[],"product_brand":[],"product_cat":[35,15,25],"product_tag":[79,226,227,39,42,44,229,225,43,228],"class_list":{"0":"post-4772","1":"product","2":"type-product","3":"status-publish","4":"has-post-thumbnail","6":"product_cat-nowe-marki","7":"product_cat-wszystkie-produkty","8":"product_cat-warsztat","9":"product_tag-motocykl","10":"product_tag-motocykla","11":"product_tag-motocykli","12":"product_tag-podnosnik","13":"product_tag-podnosnik-do-motocykli","14":"product_tag-podnosnik-do-quadow","15":"product_tag-podnosnik-hydrauliczny","16":"product_tag-podnosnik-motocyklowy","17":"product_tag-quad","18":"product_tag-romet","20":"first","21":"instock","22":"sale","23":"sold-individually","24":"taxable","25":"shipping-taxable","26":"purchasable","27":"product-type-simple"},"jetpack_sharing_enabled":true,"_links":{"self":[{"href":"http:\/\/inzynieria-motocyklowa.pl\/index.php?rest_route=\/wp\/v2\/product\/4772","targetHints":{"allow":["GET"]}}],"collection":[{"href":"http:\/\/inzynieria-motocyklowa.pl\/index.php?rest_route=\/wp\/v2\/product"}],"about":[{"href":"http:\/\/inzynieria-motocyklowa.pl\/index.php?rest_route=\/wp\/v2\/types\/product"}],"replies":[{"embeddable":true,"href":"http:\/\/inzynieria-motocyklowa.pl\/index.php?rest_route=%2Fwp%2Fv2%2Fcomments&post=4772"}],"wp:featuredmedia":[{"embeddable":true,"href":"http:\/\/inzynieria-motocyklowa.pl\/index.php?rest_route=\/wp\/v2\/media\/4774"}],"wp:attachment":[{"href":"http:\/\/inzynieria-motocyklowa.pl\/index.php?rest_route=%2Fwp%2Fv2%2Fmedia&parent=4772"}],"wp:term":[{"taxonomy":"product_brand","embeddable":true,"href":"http:\/\/inzynieria-motocyklowa.pl\/index.php?rest_route=%2Fwp%2Fv2%2Fproduct_brand&post=4772"},{"taxonomy":"product_cat","embeddable":true,"href":"http:\/\/inzynieria-motocyklowa.pl\/index.php?rest_route=%2Fwp%2Fv2%2Fproduct_cat&post=4772"},{"taxonomy":"product_tag","embeddable":true,"href":"http:\/\/inzynieria-motocyklowa.pl\/index.php?rest_route=%2Fwp%2Fv2%2Fproduct_tag&post=4772"}],"curies":[{"name":"wp","href":"https:\/\/api.w.org\/{rel}","templated":true}]}}