{"id":1803,"date":"2024-08-29T00:41:09","date_gmt":"2024-08-28T22:41:09","guid":{"rendered":"http:\/\/inzynieria-motocyklowa.pl\/?post_type=product&#038;p=1803"},"modified":"2024-11-30T14:54:24","modified_gmt":"2024-11-30T13:54:24","slug":"cylinder-works-glowica-kawasaki-kxf-250-kx-250f-04-05-suzuki-rmz-250-rm-z-250-04-06","status":"publish","type":"product","link":"http:\/\/inzynieria-motocyklowa.pl\/?product=cylinder-works-glowica-kawasaki-kxf-250-kx-250f-04-05-suzuki-rmz-250-rm-z-250-04-06","title":{"rendered":"CYLINDER WORKS G\u0141OWICA KAWASAKI KXF 250 (KX 250F) 04-05, SUZUKI RMZ 250 (RM-Z 250) 04-06"},"content":{"rendered":"<p><span style=\"vertical-align: inherit;\"><span style=\"vertical-align: inherit;\"><span style=\"vertical-align: inherit;\"><span style=\"vertical-align: inherit;\">CYLINDER DZIA\u0141A G\u0141OWICA KAWASAKI KXF 250 (KX 250F) 04-05, SUZUKI RMZ 250 (RM-Z 250) 04-06 <\/span><\/span><\/span><\/span><br \/>\n<span style=\"vertical-align: inherit;\"><span style=\"vertical-align: inherit;\"><span style=\"vertical-align: inherit;\"><span style=\"vertical-align: inherit;\">Indeks: CH3002-K01<\/span><\/span><\/span><\/span><\/p>\n<p><span style=\"text-decoration: underline;\"><span style=\"vertical-align: inherit;\"><span style=\"vertical-align: inherit;\">Charakterystyka:<\/span><\/span><\/span><\/p>\n<p><span style=\"vertical-align: inherit;\"><span style=\"vertical-align: inherit;\">-produkcji USA, <\/span><\/span><br \/>\n<span style=\"vertical-align: inherit;\"><span style=\"vertical-align: inherit;\">-go\u0142a g\u0142owica do wyposa\u017cenia, <\/span><\/span><br \/>\n<span style=\"vertical-align: inherit;\"><span style=\"vertical-align: inherit;\">-wykonana na wz\u00f3r orygina\u0142u.<\/span><\/span><\/p>\n","protected":false},"excerpt":{"rendered":"<p>CYLINDER DZIA\u0141A G\u0141OWICA KAWASAKI KXF 250 (KX 250F) 04-05, SUZUKI RMZ 250 (RM-Z 250) 04-06 Indeks: CH3002-K01 Charakterystyka: -produkcji USA, -go\u0142a g\u0142owica do wyposa\u017cenia, -wykonana na wz\u00f3r orygina\u0142u.<\/p>\n","protected":false},"featured_media":1804,"comment_status":"open","ping_status":"closed","template":"","meta":[],"product_brand":[],"product_cat":[24,15,161],"product_tag":[107,105,103,106,108,109,110,104],"class_list":{"0":"post-1803","1":"product","2":"type-product","3":"status-publish","4":"has-post-thumbnail","6":"product_cat-silnikowe","7":"product_cat-wszystkie-produkty","8":"product_cat-glowice","9":"product_tag-kawasaki","10":"product_tag-kawasaki-kx250f","11":"product_tag-kawasaki-kxf-250-kx-250f-04-05","12":"product_tag-kxf250","13":"product_tag-rmz","14":"product_tag-rmz250","15":"product_tag-suzuki","16":"product_tag-suzuki-rmz-250-rm-z-250-04-06","18":"first","19":"instock","20":"taxable","21":"shipping-taxable","22":"purchasable","23":"product-type-simple"},"jetpack_sharing_enabled":true,"_links":{"self":[{"href":"http:\/\/inzynieria-motocyklowa.pl\/index.php?rest_route=\/wp\/v2\/product\/1803","targetHints":{"allow":["GET"]}}],"collection":[{"href":"http:\/\/inzynieria-motocyklowa.pl\/index.php?rest_route=\/wp\/v2\/product"}],"about":[{"href":"http:\/\/inzynieria-motocyklowa.pl\/index.php?rest_route=\/wp\/v2\/types\/product"}],"replies":[{"embeddable":true,"href":"http:\/\/inzynieria-motocyklowa.pl\/index.php?rest_route=%2Fwp%2Fv2%2Fcomments&post=1803"}],"wp:featuredmedia":[{"embeddable":true,"href":"http:\/\/inzynieria-motocyklowa.pl\/index.php?rest_route=\/wp\/v2\/media\/1804"}],"wp:attachment":[{"href":"http:\/\/inzynieria-motocyklowa.pl\/index.php?rest_route=%2Fwp%2Fv2%2Fmedia&parent=1803"}],"wp:term":[{"taxonomy":"product_brand","embeddable":true,"href":"http:\/\/inzynieria-motocyklowa.pl\/index.php?rest_route=%2Fwp%2Fv2%2Fproduct_brand&post=1803"},{"taxonomy":"product_cat","embeddable":true,"href":"http:\/\/inzynieria-motocyklowa.pl\/index.php?rest_route=%2Fwp%2Fv2%2Fproduct_cat&post=1803"},{"taxonomy":"product_tag","embeddable":true,"href":"http:\/\/inzynieria-motocyklowa.pl\/index.php?rest_route=%2Fwp%2Fv2%2Fproduct_tag&post=1803"}],"curies":[{"name":"wp","href":"https:\/\/api.w.org\/{rel}","templated":true}]}}