{"id":1695,"date":"2024-08-16T00:45:36","date_gmt":"2024-08-15T22:45:36","guid":{"rendered":"http:\/\/inzynieria-motocyklowa.pl\/?post_type=product&#038;p=1695"},"modified":"2024-08-16T00:45:36","modified_gmt":"2024-08-15T22:45:36","slug":"mini-cross-xtr-50-model-2024","status":"publish","type":"product","link":"http:\/\/inzynieria-motocyklowa.pl\/?product=mini-cross-xtr-50-model-2024","title":{"rendered":"Mini cross XTR 50 model 2024"},"content":{"rendered":"<p>XTR (702) SPALINOWY 10&#8242;<\/p>\n<p>ELEKTRYCZNY START + PULL START<br \/>\nDOST\u0118PNE R\u00d3\u017bNE KOLORY<\/p>\n<p>&nbsp;<\/p>\n<p><strong>DANE TECHNICZNE:<\/strong><br \/>\nMoc silnika: 49 cc \/ 2 suwowy<br \/>\nPr\u0119dko\u015b\u0107 maksymalna do 50 km\/h<br \/>\nSkrzynia bieg\u00f3w: Automatyczna<br \/>\nAmortyzacja: Prz\u00f3d + Ty\u0142<br \/>\nHamulce: Tarczowe (ty\u0142) + Tarczowe (prz\u00f3d)<br \/>\nPrzeniesienie nap\u0119du: \u0141a\u0144cuch<br \/>\nRozruch: Elektryczny + Manualny (szarpak)<br \/>\nRegulacja pr\u0119dko\u015b\u0107: Manetka &#8211; jak w du\u017cym motocyklu.<\/p>\n<p><strong>WYPOSA\u017bENIE:<\/strong><br \/>\n1. Zrywka bezpiecze\u0144stwa,<br \/>\n2. Os\u0142ona \u0142a\u0144cucha,<br \/>\n3. Hamulce tarczowe,<br \/>\n4. Ko\u0142a 10 &#8216; ; (CALOWE),<\/p>\n<p>5. Rozruch: Elektryczny + Pull Start.<\/p>\n<p><strong>Wymiar:<\/strong><br \/>\nD\u0142ugo\u015b\u0107: 1200 mm<br \/>\nWysoko\u015b\u0107 do siedziska<br \/>\n(p. wkl\u0119s\u0142y): 620 mm<br \/>\nNo\u015bno\u015b\u0107 (kg)~ 50 kg<\/p>\n<p><strong>DOSTAWA:<\/strong><br \/>\n&#8211; Przesy\u0142ka kurierska 50,00 z\u0142<br \/>\n&#8211; Przesy\u0142ka kurierska pobraniowa 60,00 z\u0142<br \/>\n&#8211; Mo\u017cliwy odbi\u00f3r osobisty &#8211; prosimy o wcze\u015bniejszy kontakt w celu sprawdzenia dost\u0119pno\u015bci towaru.<br \/>\nDost\u0119pne r\u00f3\u017cne kolory.<\/p>\n","protected":false},"excerpt":{"rendered":"<p>Cross 50 2T<\/p>\n","protected":false},"featured_media":1696,"comment_status":"open","ping_status":"closed","template":"","meta":[],"product_brand":[],"product_cat":[49],"product_tag":[],"class_list":{"0":"post-1695","1":"product","2":"type-product","3":"status-publish","4":"has-post-thumbnail","6":"product_cat-pojazd","8":"first","9":"instock","10":"taxable","11":"shipping-taxable","12":"purchasable","13":"product-type-simple"},"jetpack_sharing_enabled":true,"_links":{"self":[{"href":"http:\/\/inzynieria-motocyklowa.pl\/index.php?rest_route=\/wp\/v2\/product\/1695","targetHints":{"allow":["GET"]}}],"collection":[{"href":"http:\/\/inzynieria-motocyklowa.pl\/index.php?rest_route=\/wp\/v2\/product"}],"about":[{"href":"http:\/\/inzynieria-motocyklowa.pl\/index.php?rest_route=\/wp\/v2\/types\/product"}],"replies":[{"embeddable":true,"href":"http:\/\/inzynieria-motocyklowa.pl\/index.php?rest_route=%2Fwp%2Fv2%2Fcomments&post=1695"}],"wp:featuredmedia":[{"embeddable":true,"href":"http:\/\/inzynieria-motocyklowa.pl\/index.php?rest_route=\/wp\/v2\/media\/1696"}],"wp:attachment":[{"href":"http:\/\/inzynieria-motocyklowa.pl\/index.php?rest_route=%2Fwp%2Fv2%2Fmedia&parent=1695"}],"wp:term":[{"taxonomy":"product_brand","embeddable":true,"href":"http:\/\/inzynieria-motocyklowa.pl\/index.php?rest_route=%2Fwp%2Fv2%2Fproduct_brand&post=1695"},{"taxonomy":"product_cat","embeddable":true,"href":"http:\/\/inzynieria-motocyklowa.pl\/index.php?rest_route=%2Fwp%2Fv2%2Fproduct_cat&post=1695"},{"taxonomy":"product_tag","embeddable":true,"href":"http:\/\/inzynieria-motocyklowa.pl\/index.php?rest_route=%2Fwp%2Fv2%2Fproduct_tag&post=1695"}],"curies":[{"name":"wp","href":"https:\/\/api.w.org\/{rel}","templated":true}]}}