{"id":1689,"date":"2024-08-16T00:27:51","date_gmt":"2024-08-15T22:27:51","guid":{"rendered":"http:\/\/inzynieria-motocyklowa.pl\/?post_type=product&#038;p=1689"},"modified":"2024-08-16T00:33:56","modified_gmt":"2024-08-15T22:33:56","slug":"buggy-asix-125-model-2024","status":"publish","type":"product","link":"http:\/\/inzynieria-motocyklowa.pl\/?product=buggy-asix-125-model-2024","title":{"rendered":"Buggy ASIX 125 model 2024"},"content":{"rendered":"<p><span style=\"vertical-align: inherit;\"><span style=\"vertical-align: inherit;\"><span style=\"vertical-align: inherit;\"><span style=\"vertical-align: inherit;\">ASIX 200 <\/span><\/span><\/span><\/span><br \/>\n<span style=\"vertical-align: inherit;\"><span style=\"vertical-align: inherit;\"><span style=\"vertical-align: inherit;\"><span style=\"vertical-align: inherit;\">BUGGY \/ GOKART \/ UTV 200cc<\/span><\/span><\/span><\/span><\/p>\n<p><span style=\"vertical-align: inherit;\"><span style=\"vertical-align: inherit;\">2 OSOBOWY, P\u00d3\u0141AUTOMAT (3xprz\u00f3d, neutralny, wsteczny) ; <\/span><\/span><br \/>\n<span style=\"vertical-align: inherit;\"><span style=\"vertical-align: inherit;\">ELEKTRYCZNY START <\/span><\/span><br \/>\n<span style=\"vertical-align: inherit;\"><span style=\"vertical-align: inherit;\">BIEG WSTECZNY <\/span><\/span><br \/>\n<span style=\"vertical-align: inherit;\"><span style=\"vertical-align: inherit;\">DOST\u0118PNE R\u00d3\u017bNE KOLORY .<\/span><\/span><\/p>\n<p><strong><span style=\"vertical-align: inherit;\"><span style=\"vertical-align: inherit;\">DANE TECHNICZNE:<\/span><\/span><\/strong><br \/>\n<span style=\"vertical-align: inherit;\"><span style=\"vertical-align: inherit;\"> Moc silnika: 125 cc \/ 4 suwowy, osi\u0105galny <\/span><\/span><br \/>\n<span style=\"vertical-align: inherit;\"><span style=\"vertical-align: inherit;\">~ 50 km\/h, <\/span><\/span><br \/>\n<span style=\"vertical-align: inherit;\"><span style=\"vertical-align: inherit;\">Moc: ~ 13 KM, <\/span><\/span><br \/>\n<span style=\"vertical-align: inherit;\"><span style=\"vertical-align: inherit;\">Skrzynia bieg\u00f3w: P\u00f3\u0142automatyczna (3x prz\u00f3d + wsteczny), <\/span><\/span><br \/>\n<span style=\"vertical-align: inherit;\"><span style=\"vertical-align: inherit;\">Amortyzacja: Prz\u00f3d + Ty\u0142, <\/span><\/span><br \/>\n<span style=\"vertical-align: inherit;\"><span style=\"vertical-align: inherit;\">Hamulce: Tarczowe, <\/span><\/span><br \/>\n<span style=\"vertical-align: inherit;\"><span style=\"vertical-align: inherit;\">Przeniesienie: \u0141a\u0144cuch, <\/span><\/span><br \/>\n<span style=\"vertical-align: inherit;\"><span style=\"vertical-align: inherit;\">Rozruch: Elektryczny, <\/span><\/span><br \/>\n<span style=\"vertical-align: inherit;\"><span style=\"vertical-align: inherit;\">Bieg wsteczny: Tak, <\/span><\/span><br \/>\n<span style=\"vertical-align: inherit;\"><span style=\"vertical-align: inherit;\">Homologacja: Brak.<\/span><\/span><\/p>\n<p><strong><span style=\"vertical-align: inherit;\"><span style=\"vertical-align: inherit;\">WYPOSA\u017bENIE:<\/span><\/span><\/strong><br \/>\n<span style=\"vertical-align: inherit;\"><span style=\"vertical-align: inherit;\"> Elektryczny rozruch, <\/span><\/span><br \/>\n<span style=\"vertical-align: inherit;\"><span style=\"vertical-align: inherit;\">Pasy bezpiecze\u0144stwa, <\/span><\/span><br \/>\n<span style=\"vertical-align: inherit;\"><span style=\"vertical-align: inherit;\">Hamulce tarczowe,<\/span><\/span><\/p>\n<p><span style=\"vertical-align: inherit;\"><span style=\"vertical-align: inherit;\">Dioda halogenowa,<\/span><\/span><\/p>\n<p><span style=\"vertical-align: inherit;\"><span style=\"vertical-align: inherit;\">Lusterka,<\/span><\/span><\/p>\n<p><span style=\"vertical-align: inherit;\"><span style=\"vertical-align: inherit;\">Licznik motogodzin, <\/span><\/span><br \/>\n<span style=\"vertical-align: inherit;\"><span style=\"vertical-align: inherit;\">Ko\u0142a 7&#8242; (CALOWE), <\/span><\/span><br \/>\n<span style=\"vertical-align: inherit;\"><span style=\"vertical-align: inherit;\">2 &#8211; osobowy.<\/span><\/span><\/p>\n<p><span style=\"vertical-align: inherit;\"><span style=\"vertical-align: inherit;\">WYMIARY: <\/span><\/span><br \/>\n<span style=\"vertical-align: inherit;\"><span style=\"vertical-align: inherit;\">D\u0142ugo\u015b\u0107: ~ 185 cm, <\/span><\/span><br \/>\n<span style=\"vertical-align: inherit;\"><span style=\"vertical-align: inherit;\">Szeroko\u015b\u0107: ~ 135 cm, <\/span><\/span><br \/>\n<span style=\"vertical-align: inherit;\"><span style=\"vertical-align: inherit;\">Wysoko\u015b\u0107: 130 cm.<\/span><\/span><\/p>\n<p><strong><span style=\"vertical-align: inherit;\"><span style=\"vertical-align: inherit;\">DOSTAWA:<\/span><\/span><\/strong><br \/>\n<span style=\"vertical-align: inherit;\"><span style=\"vertical-align: inherit;\"> 1. QUAD W KARTONIE DO MONTA\u017bU: <\/span><\/span><br \/>\n<span style=\"vertical-align: inherit;\"><span style=\"vertical-align: inherit;\">&#8211; TRANSPORT GRATIS, <\/span><\/span><br \/>\n<span style=\"vertical-align: inherit;\"><span style=\"vertical-align: inherit;\">&#8211; WYMAGANY ZADATEK: 500 z\u0142, <\/span><\/span><br \/>\n<span style=\"vertical-align: inherit;\"><span style=\"vertical-align: inherit;\">&#8211; Maksymalne pobranie &#8211; 10. 000 z\u0142 <\/span><\/span><br \/>\n<span style=\"vertical-align: inherit;\"><span style=\"vertical-align: inherit;\">2. QUAD Z\u0141O\u017bONY: <\/span><\/span><br \/>\n<span style=\"vertical-align: inherit;\"><span style=\"vertical-align: inherit;\">&#8211; TRANSPORT PRZY PRZEDP\u0141ACIE NA KONTO: 180 z\u0142 <\/span><\/span><br \/>\n<span style=\"vertical-align: inherit;\"><span style=\"vertical-align: inherit;\">&#8211; TRANSPORT PRZY POBRANIU: 210 z\u0142 <\/span><\/span><br \/>\n<span style=\"vertical-align: inherit;\"><span style=\"vertical-align: inherit;\">&#8211; WYMAGANY ZADATEK: 500 z\u0142- Maksymalne pobranie &#8211; 10.000 z\u0142 <\/span><\/span><br \/>\n<span style=\"vertical-align: inherit;\"><span style=\"vertical-align: inherit;\">3. ODBI\u00d3R OSOBISTY: <\/span><\/span><br \/>\n<span style=\"vertical-align: inherit;\"><span style=\"vertical-align: inherit;\">&#8211; prosimy o wcze\u015bniejszy kontakt w celu sprawdzenia sprawdzenia towaru.<\/span><\/span><\/p>\n<p><span style=\"vertical-align: inherit;\"><span style=\"vertical-align: inherit;\">MO\u017bLIWO\u015a\u0106 DOKUPIENIA \u0141A\u0143CUCH\u00d3W \u015aNIE\u017bNYCH: + 200 z\u0142 <\/span><\/span><br \/>\n<span style=\"vertical-align: inherit;\"><span style=\"vertical-align: inherit;\">MO\u017bLIWO\u015a\u0106 INSTALACJI WYCI\u0104GARKI: <\/span><\/span><br \/>\n<span style=\"vertical-align: inherit;\"><span style=\"vertical-align: inherit;\">1) Wyci\u0105garka 2000 LBS z pilotem przy kierownicy: + 480 z\u0142; <\/span><\/span><br \/>\n<span style=\"vertical-align: inherit;\"><span style=\"vertical-align: inherit;\">2) Wyci\u0105garka 2500 LBS z pilotem przy kierownicy + pilotem bezprzewodowym: + 580 z\u0142. <\/span><\/span><br \/>\n<span style=\"vertical-align: inherit;\"><span style=\"vertical-align: inherit;\">MO\u017bLIWO\u015a\u0106 DOKUPIENIA PRZYCZEPKI DO QUADA &#8211; 1299 z\u0142 &#8211; niskoburtowa, 1599 z\u0142 &#8211; wysokoburtowa<\/span><\/span><\/p>\n","protected":false},"excerpt":{"rendered":"<p><span style=\"vertical-align: inherit;\"><span style=\"vertical-align: inherit;\"><span style=\"vertical-align: inherit;\"><span style=\"vertical-align: inherit;\">Buggy ASIX 125<\/span><\/span><\/span><\/span><\/p>\n","protected":false},"featured_media":1693,"comment_status":"open","ping_status":"closed","template":"","meta":[],"product_brand":[],"product_cat":[49],"product_tag":[60,64,59,62,43,63],"class_list":{"0":"post-1689","1":"product","2":"type-product","3":"status-publish","4":"has-post-thumbnail","6":"product_cat-pojazd","7":"product_tag-asix","8":"product_tag-asix-125","9":"product_tag-buggy","10":"product_tag-gokart","11":"product_tag-quad","12":"product_tag-sport","14":"first","15":"instock","16":"taxable","17":"shipping-taxable","18":"purchasable","19":"product-type-simple"},"jetpack_sharing_enabled":true,"_links":{"self":[{"href":"http:\/\/inzynieria-motocyklowa.pl\/index.php?rest_route=\/wp\/v2\/product\/1689","targetHints":{"allow":["GET"]}}],"collection":[{"href":"http:\/\/inzynieria-motocyklowa.pl\/index.php?rest_route=\/wp\/v2\/product"}],"about":[{"href":"http:\/\/inzynieria-motocyklowa.pl\/index.php?rest_route=\/wp\/v2\/types\/product"}],"replies":[{"embeddable":true,"href":"http:\/\/inzynieria-motocyklowa.pl\/index.php?rest_route=%2Fwp%2Fv2%2Fcomments&post=1689"}],"wp:featuredmedia":[{"embeddable":true,"href":"http:\/\/inzynieria-motocyklowa.pl\/index.php?rest_route=\/wp\/v2\/media\/1693"}],"wp:attachment":[{"href":"http:\/\/inzynieria-motocyklowa.pl\/index.php?rest_route=%2Fwp%2Fv2%2Fmedia&parent=1689"}],"wp:term":[{"taxonomy":"product_brand","embeddable":true,"href":"http:\/\/inzynieria-motocyklowa.pl\/index.php?rest_route=%2Fwp%2Fv2%2Fproduct_brand&post=1689"},{"taxonomy":"product_cat","embeddable":true,"href":"http:\/\/inzynieria-motocyklowa.pl\/index.php?rest_route=%2Fwp%2Fv2%2Fproduct_cat&post=1689"},{"taxonomy":"product_tag","embeddable":true,"href":"http:\/\/inzynieria-motocyklowa.pl\/index.php?rest_route=%2Fwp%2Fv2%2Fproduct_tag&post=1689"}],"curies":[{"name":"wp","href":"https:\/\/api.w.org\/{rel}","templated":true}]}}