{"id":1567,"date":"2024-05-27T09:32:50","date_gmt":"2024-05-27T07:32:50","guid":{"rendered":"http:\/\/inzynieria-motocyklowa.pl\/?product=honda-nx650-bez-mechanizmu-odpreznika-piasta-na-stale"},"modified":"2025-01-15T22:14:16","modified_gmt":"2025-01-15T21:14:16","slug":"honda-nx650-bez-mechanizmu-odpreznika-piasta-na-stale","status":"publish","type":"product","link":"http:\/\/inzynieria-motocyklowa.pl\/?product=honda-nx650-bez-mechanizmu-odpreznika-piasta-na-stale","title":{"rendered":"Wa\u0142ek rozrz\u0105du Honda NX650 bez mechanizmu odpr\u0119\u017cnika piasta na sta\u0142e"},"content":{"rendered":"<p>Honda NX650 bez mechanizmu odpr\u0119\u017cnika piasta na sta\u0142e<\/p>\n","protected":false},"excerpt":{"rendered":"<p>Wa\u0142ek rozrz\u0105du<\/p>\n","protected":false},"featured_media":4596,"comment_status":"open","ping_status":"closed","template":"","meta":[],"product_brand":[],"product_cat":[159,15],"product_tag":[],"class_list":{"0":"post-1567","1":"product","2":"type-product","3":"status-publish","4":"has-post-thumbnail","6":"product_cat-walki-rozrzadu","7":"product_cat-wszystkie-produkty","9":"first","10":"instock","11":"taxable","12":"shipping-taxable","13":"purchasable","14":"product-type-simple"},"jetpack_sharing_enabled":true,"_links":{"self":[{"href":"http:\/\/inzynieria-motocyklowa.pl\/index.php?rest_route=\/wp\/v2\/product\/1567","targetHints":{"allow":["GET"]}}],"collection":[{"href":"http:\/\/inzynieria-motocyklowa.pl\/index.php?rest_route=\/wp\/v2\/product"}],"about":[{"href":"http:\/\/inzynieria-motocyklowa.pl\/index.php?rest_route=\/wp\/v2\/types\/product"}],"replies":[{"embeddable":true,"href":"http:\/\/inzynieria-motocyklowa.pl\/index.php?rest_route=%2Fwp%2Fv2%2Fcomments&post=1567"}],"wp:featuredmedia":[{"embeddable":true,"href":"http:\/\/inzynieria-motocyklowa.pl\/index.php?rest_route=\/wp\/v2\/media\/4596"}],"wp:attachment":[{"href":"http:\/\/inzynieria-motocyklowa.pl\/index.php?rest_route=%2Fwp%2Fv2%2Fmedia&parent=1567"}],"wp:term":[{"taxonomy":"product_brand","embeddable":true,"href":"http:\/\/inzynieria-motocyklowa.pl\/index.php?rest_route=%2Fwp%2Fv2%2Fproduct_brand&post=1567"},{"taxonomy":"product_cat","embeddable":true,"href":"http:\/\/inzynieria-motocyklowa.pl\/index.php?rest_route=%2Fwp%2Fv2%2Fproduct_cat&post=1567"},{"taxonomy":"product_tag","embeddable":true,"href":"http:\/\/inzynieria-motocyklowa.pl\/index.php?rest_route=%2Fwp%2Fv2%2Fproduct_tag&post=1567"}],"curies":[{"name":"wp","href":"https:\/\/api.w.org\/{rel}","templated":true}]}}