{"id":1565,"date":"2024-05-27T09:32:49","date_gmt":"2024-05-27T07:32:49","guid":{"rendered":"http:\/\/inzynieria-motocyklowa.pl\/?product=honda-crf250r-podparty-na-2-lozyskach-nr-oe-91007-krn-671-z-rowkiem"},"modified":"2025-01-15T22:09:41","modified_gmt":"2025-01-15T21:09:41","slug":"honda-crf250r-podparty-na-2-lozyskach-nr-oe-91007-krn-671-z-rowkiem","status":"publish","type":"product","link":"http:\/\/inzynieria-motocyklowa.pl\/?product=honda-crf250r-podparty-na-2-lozyskach-nr-oe-91007-krn-671-z-rowkiem","title":{"rendered":"Wa\u0142ek rozrz\u0105du Honda CRF250R podparty na 2 \u0142o\u017cyskach nr OE: 91007-KRN-671 ( z rowkiem)"},"content":{"rendered":"<p>Honda CRF250R podparty na 2 \u0142o\u017cyskach nr OE: 91007-KRN-671 ( z rowkiem)<\/p>\n","protected":false},"excerpt":{"rendered":"<p>Wa\u0142ek rozrz\u0105du<\/p>\n","protected":false},"featured_media":4594,"comment_status":"open","ping_status":"closed","template":"","meta":[],"product_brand":[],"product_cat":[159,15],"product_tag":[],"class_list":{"0":"post-1565","1":"product","2":"type-product","3":"status-publish","4":"has-post-thumbnail","6":"product_cat-walki-rozrzadu","7":"product_cat-wszystkie-produkty","9":"first","10":"instock","11":"taxable","12":"shipping-taxable","13":"purchasable","14":"product-type-simple"},"jetpack_sharing_enabled":true,"_links":{"self":[{"href":"http:\/\/inzynieria-motocyklowa.pl\/index.php?rest_route=\/wp\/v2\/product\/1565","targetHints":{"allow":["GET"]}}],"collection":[{"href":"http:\/\/inzynieria-motocyklowa.pl\/index.php?rest_route=\/wp\/v2\/product"}],"about":[{"href":"http:\/\/inzynieria-motocyklowa.pl\/index.php?rest_route=\/wp\/v2\/types\/product"}],"replies":[{"embeddable":true,"href":"http:\/\/inzynieria-motocyklowa.pl\/index.php?rest_route=%2Fwp%2Fv2%2Fcomments&post=1565"}],"wp:featuredmedia":[{"embeddable":true,"href":"http:\/\/inzynieria-motocyklowa.pl\/index.php?rest_route=\/wp\/v2\/media\/4594"}],"wp:attachment":[{"href":"http:\/\/inzynieria-motocyklowa.pl\/index.php?rest_route=%2Fwp%2Fv2%2Fmedia&parent=1565"}],"wp:term":[{"taxonomy":"product_brand","embeddable":true,"href":"http:\/\/inzynieria-motocyklowa.pl\/index.php?rest_route=%2Fwp%2Fv2%2Fproduct_brand&post=1565"},{"taxonomy":"product_cat","embeddable":true,"href":"http:\/\/inzynieria-motocyklowa.pl\/index.php?rest_route=%2Fwp%2Fv2%2Fproduct_cat&post=1565"},{"taxonomy":"product_tag","embeddable":true,"href":"http:\/\/inzynieria-motocyklowa.pl\/index.php?rest_route=%2Fwp%2Fv2%2Fproduct_tag&post=1565"}],"curies":[{"name":"wp","href":"https:\/\/api.w.org\/{rel}","templated":true}]}}