{"id":1560,"date":"2024-05-27T09:32:49","date_gmt":"2024-05-27T07:32:49","guid":{"rendered":"http:\/\/inzynieria-motocyklowa.pl\/?product=honda-bali-250-xlr-nadwymiarowy-czop-srodkowy-posiada-slimak-pod-obrotomierz"},"modified":"2025-01-15T21:59:58","modified_gmt":"2025-01-15T20:59:58","slug":"honda-bali-250-xlr-nadwymiarowy-czop-srodkowy-posiada-slimak-pod-obrotomierz","status":"publish","type":"product","link":"http:\/\/inzynieria-motocyklowa.pl\/?product=honda-bali-250-xlr-nadwymiarowy-czop-srodkowy-posiada-slimak-pod-obrotomierz","title":{"rendered":"Wa\u0142ek rozrz\u0105du Honda Bali 250 XLR nadwymiarowy czop \u015brodkowy posiada \u015blimak pod obrotomierz"},"content":{"rendered":"<p>Honda Bali 250 XLR nadwymiarowy czop \u015brodkowy posiada \u015blimak pod obrotomierz<\/p>\n","protected":false},"excerpt":{"rendered":"<p>Wa\u0142ek rozrz\u0105du<\/p>\n","protected":false},"featured_media":4586,"comment_status":"open","ping_status":"closed","template":"","meta":[],"product_brand":[],"product_cat":[159,15],"product_tag":[],"class_list":{"0":"post-1560","1":"product","2":"type-product","3":"status-publish","4":"has-post-thumbnail","6":"product_cat-walki-rozrzadu","7":"product_cat-wszystkie-produkty","9":"first","10":"instock","11":"taxable","12":"shipping-taxable","13":"purchasable","14":"product-type-simple"},"jetpack_sharing_enabled":true,"_links":{"self":[{"href":"http:\/\/inzynieria-motocyklowa.pl\/index.php?rest_route=\/wp\/v2\/product\/1560","targetHints":{"allow":["GET"]}}],"collection":[{"href":"http:\/\/inzynieria-motocyklowa.pl\/index.php?rest_route=\/wp\/v2\/product"}],"about":[{"href":"http:\/\/inzynieria-motocyklowa.pl\/index.php?rest_route=\/wp\/v2\/types\/product"}],"replies":[{"embeddable":true,"href":"http:\/\/inzynieria-motocyklowa.pl\/index.php?rest_route=%2Fwp%2Fv2%2Fcomments&post=1560"}],"wp:featuredmedia":[{"embeddable":true,"href":"http:\/\/inzynieria-motocyklowa.pl\/index.php?rest_route=\/wp\/v2\/media\/4586"}],"wp:attachment":[{"href":"http:\/\/inzynieria-motocyklowa.pl\/index.php?rest_route=%2Fwp%2Fv2%2Fmedia&parent=1560"}],"wp:term":[{"taxonomy":"product_brand","embeddable":true,"href":"http:\/\/inzynieria-motocyklowa.pl\/index.php?rest_route=%2Fwp%2Fv2%2Fproduct_brand&post=1560"},{"taxonomy":"product_cat","embeddable":true,"href":"http:\/\/inzynieria-motocyklowa.pl\/index.php?rest_route=%2Fwp%2Fv2%2Fproduct_cat&post=1560"},{"taxonomy":"product_tag","embeddable":true,"href":"http:\/\/inzynieria-motocyklowa.pl\/index.php?rest_route=%2Fwp%2Fv2%2Fproduct_tag&post=1560"}],"curies":[{"name":"wp","href":"https:\/\/api.w.org\/{rel}","templated":true}]}}